{"id":778,"date":"2022-02-25T13:49:16","date_gmt":"2022-02-25T13:49:16","guid":{"rendered":"https:\/\/pisie.it\/ngo\/?page_id=778"},"modified":"2022-06-06T10:11:30","modified_gmt":"2022-06-06T10:11:30","slug":"778-2","status":"publish","type":"page","link":"https:\/\/pisie.it\/ngo\/778-2\/","title":{"rendered":"ATTIVITA&#8217;"},"content":{"rendered":"\n<div class=\"wp-block-columns is-layout-flex wp-container-core-columns-is-layout-28f84493 wp-block-columns-is-layout-flex\"><\/div>\n\n\n\n<div class=\"wp-block-themeisle-blocks-advanced-columns has-3-columns has-desktop-equal-layout has-tablet-equal-layout has-mobile-collapsedRows-layout has-default-gap has-vertical-unset\" id=\"wp-block-themeisle-blocks-advanced-columns-3f8487f3\"><div class=\"wp-block-themeisle-blocks-advanced-columns-overlay\"><\/div><div class=\"innerblocks-wrap\">\n<div class=\"wp-block-themeisle-blocks-advanced-column\" id=\"wp-block-themeisle-blocks-advanced-column-adea1694\">\n<div class=\"wp-block-image\"><figure class=\"aligncenter size-large is-resized\"><img loading=\"lazy\" decoding=\"async\" src=\"https:\/\/pisie.it\/ngo\/wp-content\/uploads\/2021\/10\/SupportoTecnologico-1-1024x1024.png\" alt=\"\" class=\"wp-image-698\" width=\"227\" height=\"227\" srcset=\"https:\/\/pisie.it\/ngo\/wp-content\/uploads\/2021\/10\/SupportoTecnologico-1-1024x1024.png 1024w, https:\/\/pisie.it\/ngo\/wp-content\/uploads\/2021\/10\/SupportoTecnologico-1-300x300.png 300w, https:\/\/pisie.it\/ngo\/wp-content\/uploads\/2021\/10\/SupportoTecnologico-1-150x150.png 150w, https:\/\/pisie.it\/ngo\/wp-content\/uploads\/2021\/10\/SupportoTecnologico-1-768x768.png 768w, https:\/\/pisie.it\/ngo\/wp-content\/uploads\/2021\/10\/SupportoTecnologico-1-1536x1536.png 1536w, https:\/\/pisie.it\/ngo\/wp-content\/uploads\/2021\/10\/SupportoTecnologico-1.png 1700w\" sizes=\"auto, (max-width: 227px) 100vw, 227px\" \/><figcaption>CENTRI TECNOLOGICI<br><a href=\"https:\/\/pisie.it\/ngo\/blog\/2022\/02\/25\/centri-tecnologici-di-servizi\/\">Laboratori forniti di tecnologia italiana sostenibile ed innovativa a servizio e supporto alle aziende locali per analisi tecniche e qualitative dei prodotti.<\/a><\/figcaption><\/figure><\/div>\n<\/div>\n\n\n\n<div class=\"wp-block-themeisle-blocks-advanced-column\" id=\"wp-block-themeisle-blocks-advanced-column-f173411d\">\n<div class=\"wp-block-image\"><figure class=\"aligncenter size-large\"><img loading=\"lazy\" decoding=\"async\" width=\"1024\" height=\"1024\" src=\"https:\/\/pisie.it\/ngo\/wp-content\/uploads\/2021\/10\/Training-1-1024x1024.png\" alt=\"\" class=\"wp-image-700\" srcset=\"https:\/\/pisie.it\/ngo\/wp-content\/uploads\/2021\/10\/Training-1-1024x1024.png 1024w, https:\/\/pisie.it\/ngo\/wp-content\/uploads\/2021\/10\/Training-1-300x300.png 300w, https:\/\/pisie.it\/ngo\/wp-content\/uploads\/2021\/10\/Training-1-150x150.png 150w, https:\/\/pisie.it\/ngo\/wp-content\/uploads\/2021\/10\/Training-1-768x768.png 768w, https:\/\/pisie.it\/ngo\/wp-content\/uploads\/2021\/10\/Training-1-1536x1536.png 1536w, https:\/\/pisie.it\/ngo\/wp-content\/uploads\/2021\/10\/Training-1.png 1700w\" sizes=\"auto, (max-width: 1024px) 100vw, 1024px\" \/><figcaption>FORMAZIONE PROFESSIONALE<br><a href=\"https:\/\/pisie.it\/ngo\/blog\/2022\/02\/25\/grazie-alle-esperienze-internazionali-ed-al-contributo-degli-stati-europei-africani-americani-e-asiatici-pisie-e-responsabile-dellaccompagnamento-e-leduca\/\">Corsi di formazione per l\u2019educazione allo sviluppo di settori industriali in paesi emergenti.\u00a0<\/a><\/figcaption><\/figure><\/div>\n<\/div>\n\n\n\n<div class=\"wp-block-themeisle-blocks-advanced-column\" id=\"wp-block-themeisle-blocks-advanced-column-108ad73f\">\n<div class=\"wp-block-image\"><figure class=\"aligncenter size-large is-resized\"><img loading=\"lazy\" decoding=\"async\" src=\"https:\/\/pisie.it\/ngo\/wp-content\/uploads\/2021\/10\/Cooperazione-2-1024x1024.png\" alt=\"\" class=\"wp-image-702\" width=\"227\" height=\"227\" srcset=\"https:\/\/pisie.it\/ngo\/wp-content\/uploads\/2021\/10\/Cooperazione-2-1024x1024.png 1024w, https:\/\/pisie.it\/ngo\/wp-content\/uploads\/2021\/10\/Cooperazione-2-300x300.png 300w, https:\/\/pisie.it\/ngo\/wp-content\/uploads\/2021\/10\/Cooperazione-2-150x150.png 150w, https:\/\/pisie.it\/ngo\/wp-content\/uploads\/2021\/10\/Cooperazione-2-768x768.png 768w, https:\/\/pisie.it\/ngo\/wp-content\/uploads\/2021\/10\/Cooperazione-2-1536x1536.png 1536w, https:\/\/pisie.it\/ngo\/wp-content\/uploads\/2021\/10\/Cooperazione-2.png 1700w\" sizes=\"auto, (max-width: 227px) 100vw, 227px\" \/><figcaption>COOPERAZIONE INTERNAZIONALE<br><a href=\"https:\/\/pisie.it\/ngo\/blog\/2022\/02\/25\/cooperazione-internazionale\/\">Attivit\u00e0 di supporto a realt\u00e0 settoriali locali, come cluster industriali ed universit\u00e0, nel campo della gestione dei rifiuti industriali, al fine di migliorarne le condizioni sociali ed ambientali.<\/a><\/figcaption><\/figure><\/div>\n<\/div>\n<\/div><\/div>\n\n\n\n<p><\/p>\n","protected":false},"excerpt":{"rendered":"","protected":false},"author":2,"featured_media":0,"parent":0,"menu_order":0,"comment_status":"closed","ping_status":"closed","template":"","meta":{"footnotes":""},"class_list":["post-778","page","type-page","status-publish","hentry"],"_links":{"self":[{"href":"https:\/\/pisie.it\/ngo\/wp-json\/wp\/v2\/pages\/778","targetHints":{"allow":["GET"]}}],"collection":[{"href":"https:\/\/pisie.it\/ngo\/wp-json\/wp\/v2\/pages"}],"about":[{"href":"https:\/\/pisie.it\/ngo\/wp-json\/wp\/v2\/types\/page"}],"author":[{"embeddable":true,"href":"https:\/\/pisie.it\/ngo\/wp-json\/wp\/v2\/users\/2"}],"replies":[{"embeddable":true,"href":"https:\/\/pisie.it\/ngo\/wp-json\/wp\/v2\/comments?post=778"}],"version-history":[{"count":5,"href":"https:\/\/pisie.it\/ngo\/wp-json\/wp\/v2\/pages\/778\/revisions"}],"predecessor-version":[{"id":990,"href":"https:\/\/pisie.it\/ngo\/wp-json\/wp\/v2\/pages\/778\/revisions\/990"}],"wp:attachment":[{"href":"https:\/\/pisie.it\/ngo\/wp-json\/wp\/v2\/media?parent=778"}],"curies":[{"name":"wp","href":"https:\/\/api.w.org\/{rel}","templated":true}]}}